{"id":9409,"date":"2023-07-01T12:37:54","date_gmt":"2023-07-01T12:37:54","guid":{"rendered":""},"modified":"2025-02-06T16:25:43","modified_gmt":"2025-02-06T14:25:43","slug":"yamalube-fc-w-5-30-fully-synthetic-marine-4l","status":"publish","type":"product","link":"https:\/\/balticseal.ee\/et\/p\/yamalube-fc-w-5-30-fully-synthetic-marine-4l\/","title":{"rendered":"YAMALUBE FC-W 5-30 FULLY SYNTHETIC MARINE 4L"},"content":{"rendered":"<p>Unikaalne Marine Formula muudab selle \u00fchilduvaks katal\u00fcsaatorite v\u00f5i heitgaasit\u00f6\u00f6tlusseadmetega mootoritega. V\u00f5rreldes enamiku turul olevate mootori\u00f5lidega tagab suurep\u00e4rase k\u00fctuses\u00e4\u00e4stu. V\u00f5imas antioks\u00fcdantne toime, mis kaitseb ja hoiab mootori osi puhtana. Ainulaadne korrosiooniinhibiitor kaitseb mootori elut\u00e4htsaid osi merekeskkonnas nii s\u00f5idu- kui ka t\u00fchik\u00e4igutingimustes. T\u00f6\u00f6tab aga v\u00e4ga h\u00e4sti ka teistes Yamaha 4-taktilistes p\u00e4ramootorites \u2013 n\u00e4iteks V6 Off-shore ja F70 mudelites \u2013, aga ka k\u00f5igis teistes laeva ahtriveomootorites. Hoiab mootori \u00fclipuhtana ja s\u00e4ilitab selle v\u00f5imsuse. FC-W Catalyst Compatible\u2122 \u2013 v\u00e4lja antud 2009. aastal NMMA (National Marine Manufacturers Association) poolt. Sobib: p\u00e4ramootoritele, WaveRunnerile<br \/>\nSobib: p\u00e4ramootoritele<\/p>\n<p><b>Soovitus:<\/b><br \/>\nYamaha OE<\/p>\n<p><b>Kinnitused:<\/b><br \/>\nNMMA FC-W CAT<\/p>","protected":false},"excerpt":{"rendered":"<p>4T mootori\u00f5li<\/p>\n","protected":false},"featured_media":9581,"template":"","meta":[],"product_cat":[289,286,308,304],"product_tag":[],"class_list":{"0":"post-9409","1":"product","2":"type-product","3":"status-publish","4":"has-post-thumbnail","6":"product_cat-for-boats","7":"product_cat-oil-chemicals","8":"product_cat-oils-and-chemicals","9":"product_cat-parts-for-motors","10":"pa_brand-oe-yamaha-atvn","11":"pa_fuel-gasoline-atvn","12":"pa_sae-5w30-atvn","13":"pa_type-fullsynthetic-atvn","14":"pa_use-outboard-atvn","15":"pa_volume-4-atvn","17":"first","18":"instock","19":"taxable","20":"shipping-taxable","21":"purchasable","22":"product-type-simple"},"_links":{"self":[{"href":"https:\/\/balticseal.ee\/et\/wp-json\/wp\/v2\/product\/9409","targetHints":{"allow":["GET"]}}],"collection":[{"href":"https:\/\/balticseal.ee\/et\/wp-json\/wp\/v2\/product"}],"about":[{"href":"https:\/\/balticseal.ee\/et\/wp-json\/wp\/v2\/types\/product"}],"wp:featuredmedia":[{"embeddable":true,"href":"https:\/\/balticseal.ee\/et\/wp-json\/wp\/v2\/media\/9581"}],"wp:attachment":[{"href":"https:\/\/balticseal.ee\/et\/wp-json\/wp\/v2\/media?parent=9409"}],"wp:term":[{"taxonomy":"product_cat","embeddable":true,"href":"https:\/\/balticseal.ee\/et\/wp-json\/wp\/v2\/product_cat?post=9409"},{"taxonomy":"product_tag","embeddable":true,"href":"https:\/\/balticseal.ee\/et\/wp-json\/wp\/v2\/product_tag?post=9409"}],"curies":[{"name":"wp","href":"https:\/\/api.w.org\/{rel}","templated":true}]}}