{"id":9757,"date":"2024-12-20T11:08:02","date_gmt":"2024-12-20T09:08:02","guid":{"rendered":"https:\/\/balticseal.ee\/en\/?post_type=product&#038;p=9757"},"modified":"2025-01-06T21:19:43","modified_gmt":"2025-01-06T19:19:43","slug":"propeller-yamaha-15-x-15-l","status":"publish","type":"product","link":"https:\/\/balticseal.ee\/et\/p\/propeller-yamaha-15-x-15-l\/","title":{"rendered":"PROPELLER \u2013 YAMAHA, 15&#8243; x 15&#8243; (L)"},"content":{"rendered":"<p><strong>Toote kirjeldus:<br \/>\n<\/strong>Solas<br \/>\nAlumiiniumist propeller 3 labaga, 15 hambaga rummuga. Toote originaalkood: 6G5-45952-00-98. L\u00e4bim\u00f5\u00f5t: 15 tolli; Samm: 15 tolli; Yamaha: 150-300 hj P\u00f6\u00f6ramine: vasakule.<\/p>","protected":false},"excerpt":{"rendered":"<p>Toote kirjeldus: Solas Alumiiniumist propeller 3 labaga, 15 hambaga rummuga. Toote originaalkood: 6G5-45952-00-98. L\u00e4bim\u00f5\u00f5t: 15 tolli; Samm: 15 tolli; Yamaha:<\/p>\n","protected":false},"featured_media":9758,"template":"","meta":[],"product_cat":[304,305],"product_tag":[],"class_list":{"0":"post-9757","1":"product","2":"type-product","3":"status-publish","4":"has-post-thumbnail","6":"product_cat-parts-for-motors","7":"product_cat-propellers","9":"first","10":"instock","11":"taxable","12":"shipping-taxable","13":"purchasable","14":"product-type-simple"},"_links":{"self":[{"href":"https:\/\/balticseal.ee\/et\/wp-json\/wp\/v2\/product\/9757","targetHints":{"allow":["GET"]}}],"collection":[{"href":"https:\/\/balticseal.ee\/et\/wp-json\/wp\/v2\/product"}],"about":[{"href":"https:\/\/balticseal.ee\/et\/wp-json\/wp\/v2\/types\/product"}],"wp:featuredmedia":[{"embeddable":true,"href":"https:\/\/balticseal.ee\/et\/wp-json\/wp\/v2\/media\/9758"}],"wp:attachment":[{"href":"https:\/\/balticseal.ee\/et\/wp-json\/wp\/v2\/media?parent=9757"}],"wp:term":[{"taxonomy":"product_cat","embeddable":true,"href":"https:\/\/balticseal.ee\/et\/wp-json\/wp\/v2\/product_cat?post=9757"},{"taxonomy":"product_tag","embeddable":true,"href":"https:\/\/balticseal.ee\/et\/wp-json\/wp\/v2\/product_tag?post=9757"}],"curies":[{"name":"wp","href":"https:\/\/api.w.org\/{rel}","templated":true}]}}